{"id":1927,"date":"2024-12-27T05:21:56","date_gmt":"2024-12-27T04:21:56","guid":{"rendered":"https:\/\/casa-ayni.ch\/schamanische-archetypen\/"},"modified":"2025-01-01T14:29:13","modified_gmt":"2025-01-01T13:29:13","slug":"schamanische-archetypen","status":"publish","type":"page","link":"https:\/\/casa-ayni.ch\/de\/schamanische-archetypen\/","title":{"rendered":"Schamanische Archetypen"},"content":{"rendered":"<div class=\"wpb-content-wrapper\">[vc_row ct_row_stretch=&#8220;&#8220; bg_type=&#8220;image&#8220; parallax_style=&#8220;vcpb-vz-jquery&#8220; bg_image_new=&#8220;id^857|url^https:\/\/casa-ayni.ch\/wp-content\/uploads\/2024\/12\/Card-Game-BG.webp|caption^null|alt^null|title^Card-Game-BG|description^null&#8220;][vc_column][vc_column_text]\n<div id=\"cg-card-container\"><!-- Images will be dynamically inserted here by the script --><\/div>\n<div id=\"cg-card-explanation\"><!-- Text content will be dynamically inserted here by the script --><\/div>\n<div id=\"cg-buttons\"><button id=\"cg-start-button\">Start<\/button><br \/>\n<button id=\"cg-stop-button\" style=\"display: none;\">Stop<\/button><br \/>\n<button id=\"cg-replay-button\" style=\"display: none;\">Nochmal<\/button><\/div>\n<p><!-- Link to the CSS file -->\n<link rel=\"stylesheet\" href=\"https:\/\/casa-ayni.ch\/wp-content\/uploads\/2024\/12\/card-game-styles.css\">\n<!-- Link to the JavaScript file --><br \/>\n<script src=\"https:\/\/casa-ayni.ch\/wp-content\/uploads\/2024\/12\/el_dynamic_card_display.js\"><\/script><\/p>\n[\/vc_column_text][\/vc_column][\/vc_row][vc_row ct_row_stretch=&#8220;&#8220;][vc_column][vc_column_text]\n<h1><strong>Schamanische Archetypen<\/strong><\/h1>\n<h3><strong>Entdecke deinen inneren schamanischen Archetypus<\/strong><\/h3>\n<p>Begib dich auf eine Reise der Selbsterkenntnis und Einsicht. Dieses Kartenspiel wurde entwickelt, um zur Reflexion anzuregen und durch die Weisheit der schamanischen Archetypen Orientierung zu bieten.<\/p>\n<h2><strong>So spielst du<\/strong><\/h2>\n<ol>\n<li><strong>Spiel starten<\/strong>: Klicke auf die Taste &#8222;<strong>Start<\/strong>&#8222;, um die Karten zu mischen<\/li>\n<li><strong>Mischen stoppen<\/strong>: Wenn du bereit bist, klicke auf die Taste &#8222;<strong>Stop<\/strong>&#8222;, um deine Karte aufzudecken.<\/li>\n<li><strong>Reflektieren<\/strong>: Lies die Eigenschaften, die Botschaft und die Anregung, die mit deiner Karte verbunden sind. Lass die Bedeutung mit deinem aktuellen Weg in Resonanz gehen.<\/li>\n<li><strong>Erneut spielen<\/strong>: Klicke gerne auf \u201e<strong>Nochmal<\/strong>\u201c, um weitere Einsichten zu entdecken.<\/li>\n<\/ol>\n<p>Jede gezogene Karte bietet eine einzigartige Perspektive und hilft dir, dich mit verschiedenen Facetten deiner inneren schamanischen Welt zu verbinden.<\/p>\n<h2><strong>Inspiration f\u00fcr den Alltag<\/strong><\/h2>\n<p>Dieses Spiel wurde entwickelt, um dich in deinem Alltag zu inspirieren. Das Spielen mit einer klaren Absicht kann seine Wirkung vertiefen und helfen, deinen Gedanken und Handlungen mehr Fokus zu geben.<\/p>\n<ul>\n<li><strong>Denk an jemanden Besonderen<\/strong>: Nimm dir einen Moment Zeit, um an jemanden zu denken, der dir am Herzen liegt, bevor du spielst. Lass die Karte dich in deiner Beziehung zu dieser Person leiten.<\/li>\n<li><strong>Starte deinen Tag richtig<\/strong>: Beginne deinen Morgen, indem du eine Karte ziehst. Nutze die Botschaft der Karte als Leitfaden f\u00fcr deinen Tag.<\/li>\n<li><strong>Setze eine Absicht:<\/strong> Nimm dir einen Moment Zeit, um dich vor dem Mischen auf eine Frage, ein Ziel oder eine Herausforderung in deinem Leben zu konzentrieren. Die gezogene Karte k\u00f6nnte dir unerwartete Einsichten schenken.<\/li>\n<\/ul>\n<p>Lass das Spiel zu einem einfachen, aber kraftvollen Ritual werden, das deinem Leben Bedeutung, Klarheit und Inspiration verleiht.<\/p>\n<h2><strong>Alternative Spielweisen<\/strong><\/h2>\n<ul>\n<li><strong>Fokus auf eine Herausforderung<\/strong>: Denk an eine spezifische Herausforderung oder Entscheidung in deinem Leben, bevor du spielst. Lass die gezogene Karte deinen Ansatz leiten oder dir eine neue Perspektive bieten.<\/li>\n<li><strong>Eine Frage stellen<\/strong>: Formuliere eine Frage \u2013 ob gross oder klein \u2013 bevor du die Karten mischst. Die gezogene Karte kann Einsicht, Ermutigung oder einen Impuls geben, deine Frage weiter zu erkunden.<\/li>\n<li><strong>Gruppenaktivit\u00e4t<\/strong>: Spiele das Spiel mit Freunden oder Familie. Jede Person zieht eine Karte, und ihr k\u00f6nnt dar\u00fcber sprechen, wie die Botschaften mit jedem einzelnen von euch in Resonanz gehen.<\/li>\n<li><strong>Den Tag abschliessen<\/strong>: Reflektiere \u00fcber deinen Tag, indem du abends eine Karte ziehst. Nutze ihre Botschaft, um zu \u00fcberlegen, was du gelernt hast oder wie du an diesem Tag gewachsen bist.<\/li>\n<li><strong>Kreative Inspiration<\/strong>: Lass dich von den Eigenschaften, der Botschaft und der Anregung der Karte inspirieren, kreativ zu werden. Schreibe eine Geschichte, erschaffe Kunst oder komponiere Musik basierend auf dem enth\u00fcllten Archetypus.<\/li>\n<li><strong>Thema der Woche<\/strong>: Ziehe zu Beginn der Woche eine Karte und lass ihre Botschaft dein Leitthema oder Mantra f\u00fcr die gesamte Woche sein.<\/li>\n<li><strong>Verbindung zur Natur<\/strong>: Nimm dir einen Moment in einer nat\u00fcrlichen Umgebung, bevor du das Spiel spielst. Lass dich von der Umgebung und der gezogenen Karte inspirieren, um Harmonie und Einsicht zu finden.<\/li>\n<li><strong>Meditationswerkzeug<\/strong>: Nutze die gezogene Karte als Fokuspunkt f\u00fcr eine kurze Meditation. Reflektiere \u00fcber ihre Eigenschaften, Botschaft oder Anregung, w\u00e4hrend du deinen Geist zur Ruhe bringst.<\/li>\n<\/ul>\n[\/vc_column_text][\/vc_column][\/vc_row][vc_row ct_row_stretch=&#8220;&#8220;][vc_column]<div class=\"ult-spacer spacer-69f1e18d95082\" data-id=\"69f1e18d95082\" data-height=\"50\" data-height-mobile=\"30\" data-height-tab=\"40\" data-height-tab-portrait=\"40\" data-height-mobile-landscape=\"30\" style=\"clear:both;display:block;\"><\/div>[\/vc_column][\/vc_row]\n<\/div>","protected":false},"excerpt":{"rendered":"<p>[vc_row ct_row_stretch=&#8220;&#8220; bg_type=&#8220;image&#8220; parallax_style=&#8220;vcpb-vz-jquery&#8220; bg_image_new=&#8220;id^857|url^https:\/\/casa-ayni.ch\/wp-content\/uploads\/2024\/12\/Card-Game-BG.webp|caption^null|alt^null|title^Card-Game-BG|description^null&#8220;][vc_column][vc_column_text] Start Stop Nochmal [\/vc_column_text][\/vc_column][\/vc_row][vc_row ct_row_stretch=&#8220;&#8220;][vc_column][vc_column_text] Schamanische Archetypen Entdecke deinen inneren schamanischen Archetypus Begib dich auf eine Reise der Selbsterkenntnis und Einsicht. Dieses Kartenspiel wurde entwickelt, &#8230;<\/p>\n","protected":false},"author":1,"featured_media":1705,"parent":0,"menu_order":0,"comment_status":"closed","ping_status":"closed","template":"","meta":{"footnotes":""},"class_list":["post-1927","page","type-page","status-publish","has-post-thumbnail","hentry"],"_links":{"self":[{"href":"https:\/\/casa-ayni.ch\/de\/wp-json\/wp\/v2\/pages\/1927","targetHints":{"allow":["GET"]}}],"collection":[{"href":"https:\/\/casa-ayni.ch\/de\/wp-json\/wp\/v2\/pages"}],"about":[{"href":"https:\/\/casa-ayni.ch\/de\/wp-json\/wp\/v2\/types\/page"}],"author":[{"embeddable":true,"href":"https:\/\/casa-ayni.ch\/de\/wp-json\/wp\/v2\/users\/1"}],"replies":[{"embeddable":true,"href":"https:\/\/casa-ayni.ch\/de\/wp-json\/wp\/v2\/comments?post=1927"}],"version-history":[{"count":5,"href":"https:\/\/casa-ayni.ch\/de\/wp-json\/wp\/v2\/pages\/1927\/revisions"}],"predecessor-version":[{"id":2337,"href":"https:\/\/casa-ayni.ch\/de\/wp-json\/wp\/v2\/pages\/1927\/revisions\/2337"}],"wp:featuredmedia":[{"embeddable":true,"href":"https:\/\/casa-ayni.ch\/de\/wp-json\/wp\/v2\/media\/1705"}],"wp:attachment":[{"href":"https:\/\/casa-ayni.ch\/de\/wp-json\/wp\/v2\/media?parent=1927"}],"curies":[{"name":"wp","href":"https:\/\/api.w.org\/{rel}","templated":true}]}}