{"id":1956,"date":"2024-12-15T09:42:42","date_gmt":"2024-12-15T08:42:42","guid":{"rendered":"https:\/\/casa-ayni.ch\/chroniken\/"},"modified":"2025-01-07T20:49:27","modified_gmt":"2025-01-07T19:49:27","slug":"chroniken","status":"publish","type":"page","link":"https:\/\/casa-ayni.ch\/de\/chroniken\/","title":{"rendered":"Chroniken"},"content":{"rendered":"<div class=\"wpb-content-wrapper\">[vc_row ct_row_stretch=&#8220;&#8220;][vc_column][vc_column_text]\n<h2><strong>Willkommen bei den Chroniken<\/strong><\/h2>\n<p style=\"text-align: left;\">Hier verweben wir Geschichten, Einsichten und Weisheiten aus den heiligen Reisen von Casa Ayni. Tauche ein in Artikel, die die Welten des Schamanismus, der Heilung und der spirituellen Verbundenheit erkunden. Ob inspirierende Erz\u00e4hlungen, praktische Anleitungen oder Einblicke in alte Traditionen \u2013 unsere Chroniken laden dich ein, mit uns zu reisen, Geschichte f\u00fcr Geschichte.<\/p>\n[\/vc_column_text]<div class=\"ult-spacer spacer-69f1de062710e\" data-id=\"69f1de062710e\" data-height=\"40\" data-height-mobile=\"40\" data-height-tab=\"40\" data-height-tab-portrait=\"\" data-height-mobile-landscape=\"\" style=\"clear:both;display:block;\"><\/div>[\/vc_column][\/vc_row][vc_row ct_row_stretch=&#8220;stretch_row_content&#8220; gap=&#8220;35&#8243; equal_height=&#8220;yes&#8220; ct_bg_color=&#8220;#fbfbfb&#8220; full_width=&#8220;stretch_row_content_no_spaces&#8220;][vc_column offset=&#8220;vc_col-lg-9 vc_col-md-8&#8243;]<div class=\"crane-blog-widget crane-blog-layout-cell crane-column-2\" data-params=\"{&quot;layout&quot;:&quot;cell&quot;,&quot;image_resolution&quot;:&quot;crane-related&quot;,&quot;show_title_description&quot;:&quot;true&quot;,&quot;show_tags&quot;:&quot;&quot;,&quot;show_excerpt&quot;:&quot;true&quot;,&quot;excerpt_strip_html&quot;:&quot;true&quot;,&quot;excerpt_height&quot;:&quot;170&quot;,&quot;show_read_more&quot;:&quot;&quot;,&quot;blog_cell_item_bg_color&quot;:&quot;#f8f7f5&quot;,&quot;grid_spacing&quot;:&quot;0&quot;,&quot;columns_cell&quot;:&quot;2&quot;,&quot;max_width&quot;:&quot;768&quot;,&quot;post_height_desktop&quot;:&quot;350&quot;,&quot;post_height_mobile&quot;:&quot;350&quot;,&quot;posts_limit&quot;:&quot;14&quot;,&quot;author&quot;:&quot;&quot;,&quot;category&quot;:&quot;masonry-2&quot;,&quot;tag&quot;:&quot;&quot;,&quot;order&quot;:&quot;DESC&quot;,&quot;orderby&quot;:&quot;post_date&quot;,&quot;show_custom_order&quot;:&quot;&quot;,&quot;include_sticky_blog_posts&quot;:&quot;true&quot;,&quot;target&quot;:&quot;same&quot;,&quot;style&quot;:&quot;corporate&quot;,&quot;hover_type&quot;:&quot;standard&quot;,&quot;hover_gradient__from&quot;:&quot;#7ad4f1&quot;,&quot;hover_gradient__to&quot;:&quot;#cef17a&quot;,&quot;img_proportion&quot;:&quot;1x1&quot;,&quot;show_pubdate&quot;:true,&quot;show_author&quot;:true,&quot;show_cats&quot;:true,&quot;show_comment_link&quot;:false,&quot;show_share_button&quot;:false,&quot;show_post_meta&quot;:&quot;author-and-date&quot;,&quot;columns&quot;:4}\"><div class=\"crane-blog-grid loading\"><div class=\"crane-blog-grid-sizer\"><\/div><div id=\"post-2966\" class=\"crane-blog-grid-item post-2966 post type-post status-publish format-standard has-post-thumbnail hentry category-schamanische-geschichten tag-schamanische-geschichte\">\n\t<div class=\"crane-blog-grid-item-wrapper\">\n\n\t\t\t\t\t<div class=\"crane-blog-grid-item-placeholder lazyload\" data-bg=\"https:\/\/casa-ayni.ch\/wp-content\/uploads\/2026\/01\/Esccuela-Rural-Toaya-600x400.jpg\">\n\t\t\t\t<a href=\"https:\/\/casa-ayni.ch\/de\/die-schule-in-den-ferien\/\"><\/a>\n\t\t\t<\/div>\n\t\t\t\n\t\t\t<div class=\"crane-blog-grid-meta\">\n\t\t<h4 class=\"crane-blog-grid-meta__title\"><a href=\"https:\/\/casa-ayni.ch\/de\/die-schule-in-den-ferien\/\" rel=\"bookmark\"  class=\"blog-masonry__item__title\">Die Schule in den Ferien<\/a><\/h4>\t\t<div class=\"crane-blog-grid-meta__excerpt\">\n\t\t\tNahe dem Fenster l\u00f6ste sich die Farbe in einem langen, eingerollten Streifen. Darunter war der Putz dunkler, aufgeweicht von Wasser, das viele Male gekommen war und zu lange geblieben war. Ich blieb dort stehen, und Camilo bemerkte es.\t\t<\/div>\n\t\t\t<\/div>\n\n\t<\/div>\n<\/div>\n<div id=\"post-2758\" class=\"crane-blog-grid-item post-2758 post type-post status-publish format-standard has-post-thumbnail hentry category-schamanische-geschichten tag-shamanic-story-de\">\n\t<div class=\"crane-blog-grid-item-wrapper\">\n\n\t\t\t\t\t<div class=\"crane-blog-grid-item-placeholder lazyload\" data-bg=\"https:\/\/casa-ayni.ch\/wp-content\/uploads\/2025\/07\/Taita-Maima-600x400.jpg\">\n\t\t\t\t<a href=\"https:\/\/casa-ayni.ch\/de\/eine-reise-durch-die-medizin-des-dschungels\/\"><\/a>\n\t\t\t<\/div>\n\t\t\t\n\t\t\t<div class=\"crane-blog-grid-meta\">\n\t\t<h4 class=\"crane-blog-grid-meta__title\"><a href=\"https:\/\/casa-ayni.ch\/de\/eine-reise-durch-die-medizin-des-dschungels\/\" rel=\"bookmark\"  class=\"blog-masonry__item__title\">Eine Reise durch die Medizin des Dschungels<\/a><\/h4>\t\t<div class=\"crane-blog-grid-meta__excerpt\">\n\t\t\tIch erwachte mit den Kl\u00e4ngen von draussen: dem sanften Zwitschern der V\u00f6gel, dem Rascheln der Bl\u00e4tter, dem fernen Summen des erwachenden Dschungels. Die Sonne stieg langsam empor und vergoss goldenes ...\t\t<\/div>\n\t\t\t<\/div>\n\n\t<\/div>\n<\/div>\n<div id=\"post-2687\" class=\"crane-blog-grid-item crane-blog-grid-item-alt post-2687 post type-post status-publish format-standard has-post-thumbnail hentry category-schamanische-kenntnisse tag-schamanische-workshop\">\n\t<div class=\"crane-blog-grid-item-wrapper\">\n\t\t\t<div class=\"crane-blog-grid-meta\">\n\t\t<h4 class=\"crane-blog-grid-meta__title\"><a href=\"https:\/\/casa-ayni.ch\/de\/cacao-zeremonie-eine-einladung-an-dein-herz\/\" rel=\"bookmark\"  class=\"blog-masonry__item__title\">Cacao Zeremonie \u2013 Eine Einladung an dein Herz<\/a><\/h4>\t\t<div class=\"crane-blog-grid-meta__excerpt\">\n\t\t\tEine Cacao Zeremonie ist weit mehr als das Trinken von Schokolade \u2013 sie ist ein herz\u00f6ffnendes Ritual mit tiefen Wurzeln in alten Traditionen. In diesem Artikel erf\u00e4hrst du, wie zeremonieller Cacao dich einl\u00e4dt, langsamer zu werden, dich mit dir selbst zu verbinden und sanfte Freude zu wecken \u2013 durch Musik, Pr\u00e4senz und Gemeinschaft. Ob du neu im Cacao-Kreis bist oder ihn schon liebst \u2013 hier beginnt deine Begegnung mit dem Spirit von Mama Cacao.\t\t<\/div>\n\t\t\t<\/div>\n\t\t\t<div class=\"crane-blog-grid-item-placeholder lazyload\" data-bg=\"https:\/\/casa-ayni.ch\/wp-content\/uploads\/2025\/05\/Cacao-Ceremony-600x400.jpg\">\n\t\t\t\t<a href=\"https:\/\/casa-ayni.ch\/de\/cacao-zeremonie-eine-einladung-an-dein-herz\/\"><\/a>\n\t\t\t<\/div>\n\t\t\t\t<\/div>\n<\/div>\n<div id=\"post-2632\" class=\"crane-blog-grid-item crane-blog-grid-item-alt post-2632 post type-post status-publish format-standard has-post-thumbnail hentry category-schamanische-geschichten\">\n\t<div class=\"crane-blog-grid-item-wrapper\">\n\t\t\t<div class=\"crane-blog-grid-meta\">\n\t\t<h4 class=\"crane-blog-grid-meta__title\"><a href=\"https:\/\/casa-ayni.ch\/de\/die-geisterweberinnen\/\" rel=\"bookmark\"  class=\"blog-masonry__item__title\">Die Geisterweberinnen<\/a><\/h4>\t\t<div class=\"crane-blog-grid-meta__excerpt\">\n\t\t\tMan sagt, Freundschaft webt die st\u00e4rksten Bande. Doch wenn ein Faden reisst, kann das gesamte Gewebe auseinanderfallen und nur verhedderte Fasern und unbeantwortete Fragen hinterlassen. Ich habe mich oft gefragt, ...\t\t<\/div>\n\t\t\t<\/div>\n\t\t\t<div class=\"crane-blog-grid-item-placeholder lazyload\" data-bg=\"https:\/\/casa-ayni.ch\/wp-content\/uploads\/2025\/03\/Three-women-sitting-in-a-circle-600x400.webp\">\n\t\t\t\t<a href=\"https:\/\/casa-ayni.ch\/de\/die-geisterweberinnen\/\"><\/a>\n\t\t\t<\/div>\n\t\t\t\t<\/div>\n<\/div>\n<div id=\"post-2545\" class=\"crane-blog-grid-item post-2545 post type-post status-publish format-standard has-post-thumbnail hentry category-schamanische-kenntnisse tag-schamanische-kenntnisse\">\n\t<div class=\"crane-blog-grid-item-wrapper\">\n\n\t\t\t\t\t<div class=\"crane-blog-grid-item-placeholder lazyload\" data-bg=\"https:\/\/casa-ayni.ch\/wp-content\/uploads\/2025\/01\/Star-Wars-600x400.webp\">\n\t\t\t\t<a href=\"https:\/\/casa-ayni.ch\/de\/die-schamanischen-spuren-in-star-wars-eine-reise-in-mythos-und-geist\/\"><\/a>\n\t\t\t<\/div>\n\t\t\t\n\t\t\t<div class=\"crane-blog-grid-meta\">\n\t\t<h4 class=\"crane-blog-grid-meta__title\"><a href=\"https:\/\/casa-ayni.ch\/de\/die-schamanischen-spuren-in-star-wars-eine-reise-in-mythos-und-geist\/\" rel=\"bookmark\"  class=\"blog-masonry__item__title\">Die Schamanischen Spuren in Star Wars: Eine Reise in Mythos und Geist<\/a><\/h4>\t\t<div class=\"crane-blog-grid-meta__excerpt\">\n\t\t\tIm Zentrum von Star Wars steht die Macht, ein Energiefeld, das alle Lebewesen miteinander verbindet. Sowohl Jedi als auch Sith zapfen diese mystische Kraft an, um ihre Taten zu lenken und die Welt um sie herum zu formen. Dieses Konzept spiegelt animistische Traditionen wider, die zentral f\u00fcr den Schamanismus sind, wo alles Leben durch ein spirituelles Netz verbunden ist.\t\t<\/div>\n\t\t\t<\/div>\n\n\t<\/div>\n<\/div>\n<div id=\"post-2491\" class=\"crane-blog-grid-item post-2491 post type-post status-publish format-standard has-post-thumbnail hentry category-schamanische-kenntnisse tag-schamanische-kenntnisse\">\n\t<div class=\"crane-blog-grid-item-wrapper\">\n\n\t\t\t\t\t<div class=\"crane-blog-grid-item-placeholder lazyload\" data-bg=\"https:\/\/casa-ayni.ch\/wp-content\/uploads\/2025\/01\/Lunita-600x400.webp\">\n\t\t\t\t<a href=\"https:\/\/casa-ayni.ch\/de\/katzen-als-schamanen-mystische-fuehrer-im-pelz\/\"><\/a>\n\t\t\t<\/div>\n\t\t\t\n\t\t\t<div class=\"crane-blog-grid-meta\">\n\t\t<h4 class=\"crane-blog-grid-meta__title\"><a href=\"https:\/\/casa-ayni.ch\/de\/katzen-als-schamanen-mystische-fuehrer-im-pelz\/\" rel=\"bookmark\"  class=\"blog-masonry__item__title\">Katzen als Schamanen: Mystische F\u00fchrer im Pelz<\/a><\/h4>\t\t<div class=\"crane-blog-grid-meta__excerpt\">\n\t\t\tWillkommen in der Welt der Katzen als Schamanen, wo dein Stubentiger nicht nur ein Haustier ist, sondern ein pelziger F\u00fchrer durch die Geheimnisse des Kosmos.\t\t<\/div>\n\t\t\t<\/div>\n\n\t<\/div>\n<\/div>\n<div id=\"post-2130\" class=\"crane-blog-grid-item crane-blog-grid-item-alt post-2130 post type-post status-publish format-standard has-post-thumbnail hentry category-schamanische-kenntnisse tag-schamanische-kenntnisse\">\n\t<div class=\"crane-blog-grid-item-wrapper\">\n\t\t\t<div class=\"crane-blog-grid-meta\">\n\t\t<h4 class=\"crane-blog-grid-meta__title\"><a href=\"https:\/\/casa-ayni.ch\/de\/schamanischer-humor-licht-im-heiligen-und-im-alltaeglichen-finden\/\" rel=\"bookmark\"  class=\"blog-masonry__item__title\">Schamanischer Humor: Licht im Heiligen und im Allt\u00e4glichen finden<\/a><\/h4>\t\t<div class=\"crane-blog-grid-meta__excerpt\">\n\t\t\tIn einer Geschichte sucht Nasreddin seine Schl\u00fcssel unter einer Laterne, nicht weil er sie dort verloren hat, sondern weil dort das Licht besser ist.\t\t<\/div>\n\t\t\t<\/div>\n\t\t\t<div class=\"crane-blog-grid-item-placeholder lazyload\" data-bg=\"https:\/\/casa-ayni.ch\/wp-content\/uploads\/2024\/12\/Shamanic-Humor-01-600x400.webp\">\n\t\t\t\t<a href=\"https:\/\/casa-ayni.ch\/de\/schamanischer-humor-licht-im-heiligen-und-im-alltaeglichen-finden\/\"><\/a>\n\t\t\t<\/div>\n\t\t\t\t<\/div>\n<\/div>\n<div id=\"post-2053\" class=\"crane-blog-grid-item crane-blog-grid-item-alt post-2053 post type-post status-publish format-standard has-post-thumbnail hentry category-schamanische-geschichten tag-schamanische-geschichte\">\n\t<div class=\"crane-blog-grid-item-wrapper\">\n\t\t\t<div class=\"crane-blog-grid-meta\">\n\t\t<h4 class=\"crane-blog-grid-meta__title\"><a href=\"https:\/\/casa-ayni.ch\/de\/isla-at-the-gate\/\" rel=\"bookmark\"  class=\"blog-masonry__item__title\">Isla am Tor<\/a><\/h4>\t\t<div class=\"crane-blog-grid-meta__excerpt\">\n\t\t\tEin Moment brachte ein volles, bauchiges, Tr\u00e4nen treibendes Lachen hervor, als h\u00e4tte ihr jemand den groessten Witz des Universums erz\u00e4hlt. Im n\u00e4chsten Moment kam ein tiefes, herzzerreissendes Schluchzen. Es war, als h\u00e4tte sie eine direkte Leitung zu jeder Emotion gefunden, die je existierte. Sie war eine menschliche Achterbahn der Entdeckung.\t\t<\/div>\n\t\t\t<\/div>\n\t\t\t<div class=\"crane-blog-grid-item-placeholder lazyload\" data-bg=\"https:\/\/casa-ayni.ch\/wp-content\/uploads\/2024\/12\/Isla-at-the-gate-600x400.webp\">\n\t\t\t\t<a href=\"https:\/\/casa-ayni.ch\/de\/isla-at-the-gate\/\"><\/a>\n\t\t\t<\/div>\n\t\t\t\t<\/div>\n<\/div>\n<div id=\"post-1990\" class=\"crane-blog-grid-item post-1990 post type-post status-publish format-standard has-post-thumbnail hentry category-schamanische-geschichten\">\n\t<div class=\"crane-blog-grid-item-wrapper\">\n\n\t\t\t\t\t<div class=\"crane-blog-grid-item-placeholder lazyload\" data-bg=\"https:\/\/casa-ayni.ch\/wp-content\/uploads\/2024\/12\/AI-Drum--600x400.webp\">\n\t\t\t\t<a href=\"https:\/\/casa-ayni.ch\/de\/the-ai-crafted-drum\/\"><\/a>\n\t\t\t<\/div>\n\t\t\t\n\t\t\t<div class=\"crane-blog-grid-meta\">\n\t\t<h4 class=\"crane-blog-grid-meta__title\"><a href=\"https:\/\/casa-ayni.ch\/de\/the-ai-crafted-drum\/\" rel=\"bookmark\"  class=\"blog-masonry__item__title\">Die KI-gestaltete Trommel<\/a><\/h4>\t\t<div class=\"crane-blog-grid-meta__excerpt\">\n\t\t\tSie nippte an ihrem Tee und schaute mich skeptisch an. \u00abBist du sicher? KI ist heutzutage \u00fcberall. Vielleicht hat sie sich eingeschlichen, ohne dass du es gemerkt hast.\u00bb \t\t<\/div>\n\t\t\t<\/div>\n\n\t<\/div>\n<\/div>\n<div id=\"post-1965\" class=\"crane-blog-grid-item post-1965 post type-post status-publish format-standard has-post-thumbnail hentry category-schamanische-kenntnisse tag-artikel tag-schamanische-kenntnisse\">\n\t<div class=\"crane-blog-grid-item-wrapper\">\n\n\t\t\t\t\t<div class=\"crane-blog-grid-item-placeholder lazyload\" data-bg=\"https:\/\/casa-ayni.ch\/wp-content\/uploads\/2024\/12\/The-Spirit-Walkers-600x400.webp\">\n\t\t\t\t<a href=\"https:\/\/casa-ayni.ch\/de\/die-geistwanderer\/\"><\/a>\n\t\t\t<\/div>\n\t\t\t\n\t\t\t<div class=\"crane-blog-grid-meta\">\n\t\t<h4 class=\"crane-blog-grid-meta__title\"><a href=\"https:\/\/casa-ayni.ch\/de\/die-geistwanderer\/\" rel=\"bookmark\"  class=\"blog-masonry__item__title\">Die Geistwanderer<\/a><\/h4>\t\t<div class=\"crane-blog-grid-meta__excerpt\">\n\t\t\t[vc_row]Der Schamanismus hat seit jeher die Fantasie derjenigen befl\u00fcgelt, die nach einem tieferen Sinn im Leben suchen. Verwurzelt in alten Traditionen und \u00fcber Kulturen hinweg verbreitet, bietet er einen Weg, ...\t\t<\/div>\n\t\t\t<\/div>\n\n\t<\/div>\n<\/div>\n<div id=\"post-1970\" class=\"crane-blog-grid-item crane-blog-grid-item-alt post-1970 post type-post status-publish format-video has-post-thumbnail hentry category-schamanische-musik tag-artikel tag-schamanisches-lied post_format-post-format-video\">\n\t<div class=\"crane-blog-grid-item-wrapper\">\n\t\t\t<div class=\"crane-blog-grid-meta\">\n\t\t<h4 class=\"crane-blog-grid-meta__title\"><a href=\"https:\/\/casa-ayni.ch\/de\/danza-celestial\/\" rel=\"bookmark\"  class=\"blog-masonry__item__title\">Danza Celestial<\/a><\/h4>\t\t<div class=\"crane-blog-grid-meta__excerpt\">\n\t\t\t[vc_row ct_row_stretch=&#8220;&#8220;][vc_column width=&#8220;1\/2&#8243;][vc_video link=&#8220;https:\/\/youtu.be\/zET4cySOJr8&#8243; title=&#8220;Danza Celestial&#8220;][\/vc_column][vc_column width=&#8220;1\/2&#8243;][vc_column_text]Danza Celestial ist ein Lied, das von der alten Prophezeiung des Kondors und Adlers inspiriert wurde. Es symbolisiert die Vereinigung von Herz und Verstand, ...\t\t<\/div>\n\t\t\t<\/div>\n<div class=\"embeded-content crane-video\"><div style=\"width: 640px;\" class=\"wp-video\"><video class=\"wp-video-shortcode\" id=\"video-1970-2\" width=\"640\" height=\"360\" preload=\"metadata\" controls=\"controls\"><source type=\"video\/youtube\" src=\"https:\/\/youtu.be\/zET4cySOJr8?_=2\" \/><a href=\"https:\/\/youtu.be\/zET4cySOJr8\" target=\"_blank\" rel=\"noopener\">https:\/\/youtu.be\/zET4cySOJr8<\/a><\/video><\/div><\/div>\t<\/div>\n<\/div>\n<div id=\"post-1967\" class=\"crane-blog-grid-item crane-blog-grid-item-alt post-1967 post type-post status-publish format-standard has-post-thumbnail hentry category-schamanischer-werkzeugkasten tag-schamanische-trommel\">\n\t<div class=\"crane-blog-grid-item-wrapper\">\n\t\t\t<div class=\"crane-blog-grid-meta\">\n\t\t<h4 class=\"crane-blog-grid-meta__title\"><a href=\"https:\/\/casa-ayni.ch\/de\/pflege-deiner-schamanischen-trommel\/\" rel=\"bookmark\" class=\"blog-masonry__item__title\">Pflege deiner schamanischen Trommel<\/a><\/h4>\t\t<div class=\"crane-blog-grid-meta__excerpt\">\n\t\t\t[vc_row ct_row_stretch=&#8220;&#8220;][vc_column][vc_column_text] Eine schamanische Trommel ist nicht nur ein Instrument \u2013 sie ist dein spiritueller Begleiter, geboren aus den Elementen und durch Intention belebt. Denk an sie als deinen treuen ...\t\t<\/div>\n\t\t\t<\/div>\n\t\t\t<div class=\"crane-blog-grid-item-placeholder lazyload\" data-bg=\"https:\/\/casa-ayni.ch\/wp-content\/uploads\/2024\/05\/Illustration-Woman-Shaman-Drum-600x400.webp\">\n\t\t\t\t<a href=\"https:\/\/casa-ayni.ch\/de\/pflege-deiner-schamanischen-trommel\/\"><\/a>\n\t\t\t<\/div>\n\t\t\t\t<\/div>\n<\/div>\n<\/div><\/div>[\/vc_column][vc_column css=&#8220;.vc_custom_1500907639507{padding-right: 40px !important;padding-left: 40px !important;background-color: #f4f4f4 !important;}&#8220; offset=&#8220;vc_col-lg-3 vc_col-md-4&#8243;]<div class=\"ult-spacer spacer-69f1de0644c66\" data-id=\"69f1de0644c66\" data-height=\"40\" data-height-mobile=\"40\" data-height-tab=\"40\" data-height-tab-portrait=\"\" data-height-mobile-landscape=\"\" style=\"clear:both;display:block;\"><\/div>[vc_widget_sidebar sidebar_id=&#8220;ct-sb_fispqeowcq4wdt4k&#8220;][\/vc_column][\/vc_row][vc_row ct_row_stretch=&#8220;&#8220;][vc_column]<div class=\"ult-spacer spacer-69f1de0644c8f\" data-id=\"69f1de0644c8f\" data-height=\"40\" data-height-mobile=\"40\" data-height-tab=\"40\" data-height-tab-portrait=\"\" data-height-mobile-landscape=\"\" style=\"clear:both;display:block;\"><\/div>[vc_column_text]\n<h2><strong>Bleib dran<\/strong><\/h2>\n<p style=\"text-align: left;\">Unsere Chroniken wachsen stetig, mit neuen Geschichten, Einsichten und Weisheiten, die regelm\u00e4ssig geteilt werden. Schau bald wieder vorbei und begleite uns, w\u00e4hrend wir gemeinsam die heilige Reise weiter erkunden.<\/p>\n[\/vc_column_text]<div class=\"ult-spacer spacer-69f1de0644cae\" data-id=\"69f1de0644cae\" data-height=\"40\" data-height-mobile=\"40\" data-height-tab=\"40\" data-height-tab-portrait=\"\" data-height-mobile-landscape=\"\" style=\"clear:both;display:block;\"><\/div>[\/vc_column][\/vc_row]\n<\/div>","protected":false},"excerpt":{"rendered":"<p>[vc_row ct_row_stretch=&#8220;&#8220;][vc_column][vc_column_text] Willkommen bei den Chroniken Hier verweben wir Geschichten, Einsichten und Weisheiten aus den heiligen Reisen von Casa Ayni. Tauche ein in Artikel, die die Welten des Schamanismus, der &#8230;<\/p>\n","protected":false},"author":1,"featured_media":0,"parent":0,"menu_order":0,"comment_status":"closed","ping_status":"closed","template":"","meta":{"footnotes":""},"class_list":["post-1956","page","type-page","status-publish","hentry"],"_links":{"self":[{"href":"https:\/\/casa-ayni.ch\/de\/wp-json\/wp\/v2\/pages\/1956","targetHints":{"allow":["GET"]}}],"collection":[{"href":"https:\/\/casa-ayni.ch\/de\/wp-json\/wp\/v2\/pages"}],"about":[{"href":"https:\/\/casa-ayni.ch\/de\/wp-json\/wp\/v2\/types\/page"}],"author":[{"embeddable":true,"href":"https:\/\/casa-ayni.ch\/de\/wp-json\/wp\/v2\/users\/1"}],"replies":[{"embeddable":true,"href":"https:\/\/casa-ayni.ch\/de\/wp-json\/wp\/v2\/comments?post=1956"}],"version-history":[{"count":7,"href":"https:\/\/casa-ayni.ch\/de\/wp-json\/wp\/v2\/pages\/1956\/revisions"}],"predecessor-version":[{"id":2520,"href":"https:\/\/casa-ayni.ch\/de\/wp-json\/wp\/v2\/pages\/1956\/revisions\/2520"}],"wp:attachment":[{"href":"https:\/\/casa-ayni.ch\/de\/wp-json\/wp\/v2\/media?parent=1956"}],"curies":[{"name":"wp","href":"https:\/\/api.w.org\/{rel}","templated":true}]}}