{"id":2256,"date":"2024-12-15T09:42:42","date_gmt":"2024-12-15T08:42:42","guid":{"rendered":"https:\/\/casa-ayni.ch\/cronicas\/"},"modified":"2025-01-02T05:35:29","modified_gmt":"2025-01-02T04:35:29","slug":"cronicas","status":"publish","type":"page","link":"https:\/\/casa-ayni.ch\/es\/cronicas\/","title":{"rendered":"Cr\u00f3nicas"},"content":{"rendered":"<div class=\"wpb-content-wrapper\">[vc_row ct_row_stretch=\u00bb\u00bb][vc_column][vc_column_text]\n<h2><strong>Bienvenidos a las Cr\u00f3nicas<\/strong><\/h2>\n<p style=\"text-align: left;\">Aqu\u00ed entrelazamos historias, perspectivas y sabidur\u00eda de los viajes sagrados de Casa Ayni. Sum\u00e9rgete en art\u00edculos que exploran los mundos del chamanismo, la sanaci\u00f3n y la conexi\u00f3n espiritual. Ya sea un relato inspirador, una gu\u00eda pr\u00e1ctica o un vistazo a tradiciones ancestrales, nuestras Cr\u00f3nicas te invitan a viajar con nosotros, una historia a la vez.  <\/p>\n[\/vc_column_text]<div class=\"ult-spacer spacer-69f70a9b108b0\" data-id=\"69f70a9b108b0\" data-height=\"40\" data-height-mobile=\"40\" data-height-tab=\"40\" data-height-tab-portrait=\"\" data-height-mobile-landscape=\"\" style=\"clear:both;display:block;\"><\/div>[\/vc_column][\/vc_row][vc_row ct_row_stretch=\u00bbstretch_row_content\u00bb gap=\u00bb35&#8243; equal_height=\u00bbyes\u00bb ct_bg_color=\u00bb#fbfbfb\u00bb full_width=\u00bbstretch_row_content_no_spaces\u00bb][vc_column offset=\u00bbvc_col-lg-9 vc_col-md-8&#8243;]<div class=\"crane-blog-widget crane-blog-layout-cell crane-column-2\" data-params=\"{&quot;layout&quot;:&quot;cell&quot;,&quot;image_resolution&quot;:&quot;crane-related&quot;,&quot;show_title_description&quot;:&quot;true&quot;,&quot;show_tags&quot;:&quot;true&quot;,&quot;show_excerpt&quot;:&quot;true&quot;,&quot;excerpt_strip_html&quot;:&quot;true&quot;,&quot;excerpt_height&quot;:&quot;170&quot;,&quot;show_read_more&quot;:&quot;true&quot;,&quot;blog_cell_item_bg_color&quot;:&quot;#f8f7f5&quot;,&quot;grid_spacing&quot;:&quot;0&quot;,&quot;columns_cell&quot;:&quot;2&quot;,&quot;max_width&quot;:&quot;768&quot;,&quot;post_height_desktop&quot;:&quot;350&quot;,&quot;post_height_mobile&quot;:&quot;350&quot;,&quot;posts_limit&quot;:&quot;14&quot;,&quot;author&quot;:&quot;&quot;,&quot;category&quot;:&quot;masonry-2&quot;,&quot;tag&quot;:&quot;&quot;,&quot;order&quot;:&quot;DESC&quot;,&quot;orderby&quot;:&quot;post_date&quot;,&quot;show_custom_order&quot;:&quot;true&quot;,&quot;include_sticky_blog_posts&quot;:&quot;true&quot;,&quot;target&quot;:&quot;same&quot;,&quot;style&quot;:&quot;corporate&quot;,&quot;hover_type&quot;:&quot;standard&quot;,&quot;hover_gradient__from&quot;:&quot;#7ad4f1&quot;,&quot;hover_gradient__to&quot;:&quot;#cef17a&quot;,&quot;img_proportion&quot;:&quot;1x1&quot;,&quot;show_pubdate&quot;:true,&quot;show_author&quot;:true,&quot;show_cats&quot;:true,&quot;show_comment_link&quot;:false,&quot;show_share_button&quot;:false,&quot;show_post_meta&quot;:&quot;author-and-date&quot;,&quot;columns&quot;:4}\"><div class=\"crane-blog-grid loading\"><div class=\"crane-blog-grid-sizer\"><\/div><div id=\"post-2975\" class=\"crane-blog-grid-item post-2975 post type-post status-publish format-standard has-post-thumbnail hentry category-historias-chamanicas tag-historia-chamanica\">\n\t<div class=\"crane-blog-grid-item-wrapper\">\n\n\t\t\t\t\t<div class=\"crane-blog-grid-item-placeholder lazyload\" data-bg=\"https:\/\/casa-ayni.ch\/wp-content\/uploads\/2026\/01\/Esccuela-Rural-Toaya-600x400.jpg\">\n\t\t\t\t<a href=\"https:\/\/casa-ayni.ch\/es\/la-escuela-en-vacaciones\/\"><\/a>\n\t\t\t<\/div>\n\t\t\t\n\t\t\t<div class=\"crane-blog-grid-meta\">\n\t\t<h4 class=\"crane-blog-grid-meta__title\"><a href=\"https:\/\/casa-ayni.ch\/es\/la-escuela-en-vacaciones\/\" rel=\"bookmark\"  class=\"blog-masonry__item__title\">La escuela en vacaciones<\/a><\/h4>\t<div class=\"crane-blog-tag-list\">\n\t\t<span>Tags<\/span>\n\t\t\t<a class=\"crane-blog-tag-item\" href=\"https:\/\/casa-ayni.ch\/es\/tag\/historia-chamanica\/\" target=\"_self\">\n\t\t\t\t<span class=\"crane-blog-tag-txt crane-blog-tag-style--grey\" style=\"\">Historia Cham\u00e1nica<\/span>\n\t\t\t<\/a>\n\t\t\t<\/div>\n\t\t<div class=\"crane-blog-grid-meta__excerpt\">\n\t\t\tEl pizarr\u00f3n estaba al frente del aula, con la superficie velada por restos p\u00e1lidos de lecciones antiguas. Incluso limpio, recordaba. Camilo estir\u00f3 el brazo y pas\u00f3 el dedo por el borde inferior, donde se acumulaba el polvo de tiza como arena fina.\t\t<\/div>\n\t\t<a class=\"post__readmore\" href=\"https:\/\/casa-ayni.ch\/es\/la-escuela-en-vacaciones\/\"  rel=\"bookmark\"><span class=\"fa fa-chevron-right\" aria-hidden=\"true\"><\/span><span>Read more<\/span><\/a>\t<\/div>\n\n\t<\/div>\n<\/div>\n<div id=\"post-2763\" class=\"crane-blog-grid-item post-2763 post type-post status-publish format-standard has-post-thumbnail hentry category-historias-chamanicas tag-historia-chamanica\">\n\t<div class=\"crane-blog-grid-item-wrapper\">\n\n\t\t\t\t\t<div class=\"crane-blog-grid-item-placeholder lazyload\" data-bg=\"https:\/\/casa-ayni.ch\/wp-content\/uploads\/2025\/07\/Taita-Maima-600x400.jpg\">\n\t\t\t\t<a href=\"https:\/\/casa-ayni.ch\/es\/un-viaje-a-traves-de-la-medicina-de-la-selva\/\"><\/a>\n\t\t\t<\/div>\n\t\t\t\n\t\t\t<div class=\"crane-blog-grid-meta\">\n\t\t<h4 class=\"crane-blog-grid-meta__title\"><a href=\"https:\/\/casa-ayni.ch\/es\/un-viaje-a-traves-de-la-medicina-de-la-selva\/\" rel=\"bookmark\"  class=\"blog-masonry__item__title\">Un Viaje a Trav\u00e9s de la Medicina de la Selva<\/a><\/h4>\t<div class=\"crane-blog-tag-list\">\n\t\t<span>Tags<\/span>\n\t\t\t<a class=\"crane-blog-tag-item\" href=\"https:\/\/casa-ayni.ch\/es\/tag\/historia-chamanica\/\" target=\"_self\">\n\t\t\t\t<span class=\"crane-blog-tag-txt crane-blog-tag-style--grey\" style=\"\">Historia Cham\u00e1nica<\/span>\n\t\t\t<\/a>\n\t\t\t<\/div>\n\t\t<div class=\"crane-blog-grid-meta__excerpt\">\n\t\t\tMe despert\u00e9 con los sonidos del exterior: los suaves murmullos de los p\u00e1jaros, el susurro de las hojas y el lejano zumbido de la vida despertando en la selva. El ...\t\t<\/div>\n\t\t<a class=\"post__readmore\" href=\"https:\/\/casa-ayni.ch\/es\/un-viaje-a-traves-de-la-medicina-de-la-selva\/\"  rel=\"bookmark\"><span class=\"fa fa-chevron-right\" aria-hidden=\"true\"><\/span><span>Read more<\/span><\/a>\t<\/div>\n\n\t<\/div>\n<\/div>\n<div id=\"post-2634\" class=\"crane-blog-grid-item crane-blog-grid-item-alt post-2634 post type-post status-publish format-standard has-post-thumbnail hentry category-historias-chamanicas tag-historia-chamanica\">\n\t<div class=\"crane-blog-grid-item-wrapper\">\n\t\t\t<div class=\"crane-blog-grid-meta\">\n\t\t<h4 class=\"crane-blog-grid-meta__title\"><a href=\"https:\/\/casa-ayni.ch\/es\/las-tejedoras-de-espiritus\/\" rel=\"bookmark\"  class=\"blog-masonry__item__title\">Las Tejedoras de Esp\u00edritus<\/a><\/h4>\t<div class=\"crane-blog-tag-list\">\n\t\t<span>Tags<\/span>\n\t\t\t<a class=\"crane-blog-tag-item\" href=\"https:\/\/casa-ayni.ch\/es\/tag\/historia-chamanica\/\" target=\"_self\">\n\t\t\t\t<span class=\"crane-blog-tag-txt crane-blog-tag-style--grey\" style=\"\">Historia Cham\u00e1nica<\/span>\n\t\t\t<\/a>\n\t\t\t<\/div>\n\t\t<div class=\"crane-blog-grid-meta__excerpt\">\n\t\t\tLa Amistad, dicen, teje los lazos m\u00e1s fuertes. Pero cuando un hilo se deshace, puede llevarse todo el tejido consigo, dejando solo fibras enredadas y preguntas sin respuesta. Siempre me ...\t\t<\/div>\n\t\t<a class=\"post__readmore\" href=\"https:\/\/casa-ayni.ch\/es\/las-tejedoras-de-espiritus\/\"  rel=\"bookmark\"><span class=\"fa fa-chevron-right\" aria-hidden=\"true\"><\/span><span>Read more<\/span><\/a>\t<\/div>\n\t\t\t<div class=\"crane-blog-grid-item-placeholder lazyload\" data-bg=\"https:\/\/casa-ayni.ch\/wp-content\/uploads\/2025\/03\/Three-women-sitting-in-a-circle-600x400.webp\">\n\t\t\t\t<a href=\"https:\/\/casa-ayni.ch\/es\/las-tejedoras-de-espiritus\/\"><\/a>\n\t\t\t<\/div>\n\t\t\t\t<\/div>\n<\/div>\n<div id=\"post-2546\" class=\"crane-blog-grid-item crane-blog-grid-item-alt post-2546 post type-post status-publish format-standard has-post-thumbnail hentry category-conocimiento-chamanico tag-sabiduria-chamanica\">\n\t<div class=\"crane-blog-grid-item-wrapper\">\n\t\t\t<div class=\"crane-blog-grid-meta\">\n\t\t<h4 class=\"crane-blog-grid-meta__title\"><a href=\"https:\/\/casa-ayni.ch\/es\/las-huellas-chamanicas-en-star-wars-un-viaje-al-mito-y-al-espiritu\/\" rel=\"bookmark\"  class=\"blog-masonry__item__title\">Las Huellas Cham\u00e1nicas en Star Wars: Un Viaje al Mito y al Esp\u00edritu<\/a><\/h4>\t<div class=\"crane-blog-tag-list\">\n\t\t<span>Tags<\/span>\n\t\t\t<a class=\"crane-blog-tag-item\" href=\"https:\/\/casa-ayni.ch\/es\/tag\/sabiduria-chamanica\/\" target=\"_self\">\n\t\t\t\t<span class=\"crane-blog-tag-txt crane-blog-tag-style--grey\" style=\"\">Sabidur\u00eda Cham\u00e1nica<\/span>\n\t\t\t<\/a>\n\t\t\t<\/div>\n\t\t<div class=\"crane-blog-grid-meta__excerpt\">\n\t\t\tEn el coraz\u00f3n de Star Wars est\u00e1 la Fuerza, ese campo de energ\u00eda que une a todos los seres vivos. Jedi y Sith acceden a este poder m\u00edstico para guiar sus acciones y moldear el mundo que los rodea. Este concepto refleja las tradiciones animistas clave en el chamanismo, donde toda la vida est\u00e1 interconectada a trav\u00e9s de una red espiritual.\t\t<\/div>\n\t\t<a class=\"post__readmore\" href=\"https:\/\/casa-ayni.ch\/es\/las-huellas-chamanicas-en-star-wars-un-viaje-al-mito-y-al-espiritu\/\"  rel=\"bookmark\"><span class=\"fa fa-chevron-right\" aria-hidden=\"true\"><\/span><span>Read more<\/span><\/a>\t<\/div>\n\t\t\t<div class=\"crane-blog-grid-item-placeholder lazyload\" data-bg=\"https:\/\/casa-ayni.ch\/wp-content\/uploads\/2025\/01\/Star-Wars-600x400.webp\">\n\t\t\t\t<a href=\"https:\/\/casa-ayni.ch\/es\/las-huellas-chamanicas-en-star-wars-un-viaje-al-mito-y-al-espiritu\/\"><\/a>\n\t\t\t<\/div>\n\t\t\t\t<\/div>\n<\/div>\n<div id=\"post-2492\" class=\"crane-blog-grid-item post-2492 post type-post status-publish format-standard has-post-thumbnail hentry category-conocimiento-chamanico tag-sabiduria-chamanica\">\n\t<div class=\"crane-blog-grid-item-wrapper\">\n\n\t\t\t\t\t<div class=\"crane-blog-grid-item-placeholder lazyload\" data-bg=\"https:\/\/casa-ayni.ch\/wp-content\/uploads\/2025\/01\/Lunita-600x400.webp\">\n\t\t\t\t<a href=\"https:\/\/casa-ayni.ch\/es\/los-gatos-como-chamanes-guias-misticos-del-reino-felino\/\"><\/a>\n\t\t\t<\/div>\n\t\t\t\n\t\t\t<div class=\"crane-blog-grid-meta\">\n\t\t<h4 class=\"crane-blog-grid-meta__title\"><a href=\"https:\/\/casa-ayni.ch\/es\/los-gatos-como-chamanes-guias-misticos-del-reino-felino\/\" rel=\"bookmark\"  class=\"blog-masonry__item__title\">Los Gatos como Chamanes: Gu\u00edas M\u00edsticos del Reino Felino<\/a><\/h4>\t<div class=\"crane-blog-tag-list\">\n\t\t<span>Tags<\/span>\n\t\t\t<a class=\"crane-blog-tag-item\" href=\"https:\/\/casa-ayni.ch\/es\/tag\/sabiduria-chamanica\/\" target=\"_self\">\n\t\t\t\t<span class=\"crane-blog-tag-txt crane-blog-tag-style--grey\" style=\"\">Sabidur\u00eda Cham\u00e1nica<\/span>\n\t\t\t<\/a>\n\t\t\t<\/div>\n\t\t<div class=\"crane-blog-grid-meta__excerpt\">\n\t\t\tBienvenido al mundo de los gatos como chamanes, donde tu gato dom\u00e9stico no es solo una mascota, sino un gu\u00eda peludo hacia el cosmos.\t\t<\/div>\n\t\t<a class=\"post__readmore\" href=\"https:\/\/casa-ayni.ch\/es\/los-gatos-como-chamanes-guias-misticos-del-reino-felino\/\"  rel=\"bookmark\"><span class=\"fa fa-chevron-right\" aria-hidden=\"true\"><\/span><span>Read more<\/span><\/a>\t<\/div>\n\n\t<\/div>\n<\/div>\n<div id=\"post-2315\" class=\"crane-blog-grid-item post-2315 post type-post status-publish format-standard has-post-thumbnail hentry category-conocimiento-chamanico tag-sabiduria-chamanica\">\n\t<div class=\"crane-blog-grid-item-wrapper\">\n\n\t\t\t\t\t<div class=\"crane-blog-grid-item-placeholder lazyload\" data-bg=\"https:\/\/casa-ayni.ch\/wp-content\/uploads\/2024\/12\/Shamanic-Humor-01-600x400.webp\">\n\t\t\t\t<a href=\"https:\/\/casa-ayni.ch\/es\/shamanic-humor-finding-light-in-the-sacred-and-the-mundane\/\"><\/a>\n\t\t\t<\/div>\n\t\t\t\n\t\t\t<div class=\"crane-blog-grid-meta\">\n\t\t<h4 class=\"crane-blog-grid-meta__title\"><a href=\"https:\/\/casa-ayni.ch\/es\/shamanic-humor-finding-light-in-the-sacred-and-the-mundane\/\" rel=\"bookmark\"  class=\"blog-masonry__item__title\">Humor Cham\u00e1nico: Encontrando Luz en lo Sagrado y lo Cotidiano<\/a><\/h4>\t<div class=\"crane-blog-tag-list\">\n\t\t<span>Tags<\/span>\n\t\t\t<a class=\"crane-blog-tag-item\" href=\"https:\/\/casa-ayni.ch\/es\/tag\/sabiduria-chamanica\/\" target=\"_self\">\n\t\t\t\t<span class=\"crane-blog-tag-txt crane-blog-tag-style--grey\" style=\"\">Sabidur\u00eda Cham\u00e1nica<\/span>\n\t\t\t<\/a>\n\t\t\t<\/div>\n\t\t<div class=\"crane-blog-grid-meta__excerpt\">\n\t\t\tEn una historia, Nasrud\u00edn busca sus llaves bajo un farol, no porque las haya perdido ah\u00ed, sino porque hay m\u00e1s luz. Es gracioso, pero ense\u00f1a que debemos buscar las respuestas en los lugares correctos.\t\t<\/div>\n\t\t<a class=\"post__readmore\" href=\"https:\/\/casa-ayni.ch\/es\/shamanic-humor-finding-light-in-the-sacred-and-the-mundane\/\"  rel=\"bookmark\"><span class=\"fa fa-chevron-right\" aria-hidden=\"true\"><\/span><span>Read more<\/span><\/a>\t<\/div>\n\n\t<\/div>\n<\/div>\n<div id=\"post-2316\" class=\"crane-blog-grid-item crane-blog-grid-item-alt post-2316 post type-post status-publish format-standard has-post-thumbnail hentry category-historias-chamanicas tag-historia-chamanica\">\n\t<div class=\"crane-blog-grid-item-wrapper\">\n\t\t\t<div class=\"crane-blog-grid-meta\">\n\t\t<h4 class=\"crane-blog-grid-meta__title\"><a href=\"https:\/\/casa-ayni.ch\/es\/isla-en-la-puerta\/\" rel=\"bookmark\"  class=\"blog-masonry__item__title\">Isla en la Puerta<\/a><\/h4>\t<div class=\"crane-blog-tag-list\">\n\t\t<span>Tags<\/span>\n\t\t\t<a class=\"crane-blog-tag-item\" href=\"https:\/\/casa-ayni.ch\/es\/tag\/historia-chamanica\/\" target=\"_self\">\n\t\t\t\t<span class=\"crane-blog-tag-txt crane-blog-tag-style--grey\" style=\"\">Historia Cham\u00e1nica<\/span>\n\t\t\t<\/a>\n\t\t\t<\/div>\n\t\t<div class=\"crane-blog-grid-meta__excerpt\">\n\t\t\tUn momento estaba riendo. No solo riendo\u2014carcajeando. Una risa profunda, con l\u00e1grimas corriendo por su rostro, como si alguien le hubiera susurrado el mejor chiste del universo. Al momento siguiente, estaba llorando\u2014un llanto profundo, desgarrador, como si su alma estuviera escap\u00e1ndose. Era como si tuviera una l\u00ednea directa con cada emoci\u00f3n jam\u00e1s sentida. Era una monta\u00f1a rusa humana de descubrimientos.\t\t<\/div>\n\t\t<a class=\"post__readmore\" href=\"https:\/\/casa-ayni.ch\/es\/isla-en-la-puerta\/\"  rel=\"bookmark\"><span class=\"fa fa-chevron-right\" aria-hidden=\"true\"><\/span><span>Read more<\/span><\/a>\t<\/div>\n\t\t\t<div class=\"crane-blog-grid-item-placeholder lazyload\" data-bg=\"https:\/\/casa-ayni.ch\/wp-content\/uploads\/2024\/12\/Isla-at-the-gate-600x400.webp\">\n\t\t\t\t<a href=\"https:\/\/casa-ayni.ch\/es\/isla-en-la-puerta\/\"><\/a>\n\t\t\t<\/div>\n\t\t\t\t<\/div>\n<\/div>\n<div id=\"post-2321\" class=\"crane-blog-grid-item crane-blog-grid-item-alt post-2321 post type-post status-publish format-standard has-post-thumbnail hentry category-historias-chamanicas tag-historia-chamanica\">\n\t<div class=\"crane-blog-grid-item-wrapper\">\n\t\t\t<div class=\"crane-blog-grid-meta\">\n\t\t<h4 class=\"crane-blog-grid-meta__title\"><a href=\"https:\/\/casa-ayni.ch\/es\/the-ai-crafted-drum\/\" rel=\"bookmark\"  class=\"blog-masonry__item__title\">El Tambor Forjado por la Inteligencia Artificial<\/a><\/h4>\t<div class=\"crane-blog-tag-list\">\n\t\t<span>Tags<\/span>\n\t\t\t<a class=\"crane-blog-tag-item\" href=\"https:\/\/casa-ayni.ch\/es\/tag\/historia-chamanica\/\" target=\"_self\">\n\t\t\t\t<span class=\"crane-blog-tag-txt crane-blog-tag-style--grey\" style=\"\">Historia Cham\u00e1nica<\/span>\n\t\t\t<\/a>\n\t\t\t<\/div>\n\t\t<div class=\"crane-blog-grid-meta__excerpt\">\n\t\t\tElla tom\u00f3 un sorbo de su t\u00e9, poco convencida. \u2014\u00bfPero est\u00e1s seguro? La IA est\u00e1 en todas partes estos d\u00edas. Podr\u00eda haberse colado sin que te dieras cuenta.\t\t<\/div>\n\t\t<a class=\"post__readmore\" href=\"https:\/\/casa-ayni.ch\/es\/the-ai-crafted-drum\/\"  rel=\"bookmark\"><span class=\"fa fa-chevron-right\" aria-hidden=\"true\"><\/span><span>Read more<\/span><\/a>\t<\/div>\n\t\t\t<div class=\"crane-blog-grid-item-placeholder lazyload\" data-bg=\"https:\/\/casa-ayni.ch\/wp-content\/uploads\/2024\/12\/AI-Drum--600x400.webp\">\n\t\t\t\t<a href=\"https:\/\/casa-ayni.ch\/es\/the-ai-crafted-drum\/\"><\/a>\n\t\t\t<\/div>\n\t\t\t\t<\/div>\n<\/div>\n<div id=\"post-2323\" class=\"crane-blog-grid-item post-2323 post type-post status-publish format-standard has-post-thumbnail hentry category-conocimiento-chamanico tag-article-es tag-sabiduria-chamanica\">\n\t<div class=\"crane-blog-grid-item-wrapper\">\n\n\t\t\t\t\t<div class=\"crane-blog-grid-item-placeholder lazyload\" data-bg=\"https:\/\/casa-ayni.ch\/wp-content\/uploads\/2024\/12\/The-Spirit-Walkers-600x400.webp\">\n\t\t\t\t<a href=\"https:\/\/casa-ayni.ch\/es\/the-spirit-walkers\/\"><\/a>\n\t\t\t<\/div>\n\t\t\t\n\t\t\t<div class=\"crane-blog-grid-meta\">\n\t\t<h4 class=\"crane-blog-grid-meta__title\"><a href=\"https:\/\/casa-ayni.ch\/es\/the-spirit-walkers\/\" rel=\"bookmark\"  class=\"blog-masonry__item__title\">Los Caminantes del Esp\u00edritu<\/a><\/h4>\t<div class=\"crane-blog-tag-list\">\n\t\t<span>Tags<\/span>\n\t\t\t<a class=\"crane-blog-tag-item\" href=\"https:\/\/casa-ayni.ch\/es\/tag\/article-es\/\" target=\"_self\">\n\t\t\t\t<span class=\"crane-blog-tag-txt crane-blog-tag-style--grey\" style=\"\">Article<\/span>\n\t\t\t<\/a>\n\t\t\n\t\t\t<a class=\"crane-blog-tag-item\" href=\"https:\/\/casa-ayni.ch\/es\/tag\/sabiduria-chamanica\/\" target=\"_self\">\n\t\t\t\t<span class=\"crane-blog-tag-txt crane-blog-tag-style--grey\" style=\"\">Sabidur\u00eda Cham\u00e1nica<\/span>\n\t\t\t<\/a>\n\t\t\t<\/div>\n\t\t<div class=\"crane-blog-grid-meta__excerpt\">\n\t\t\tEl chamanismo ha cautivado durante mucho tiempo la imaginaci\u00f3n de quienes buscan un significado m\u00e1s profundo en la vida. Arraigado en tradiciones ancestrales y presente en m\u00faltiples culturas, ofrece un ...\t\t<\/div>\n\t\t<a class=\"post__readmore\" href=\"https:\/\/casa-ayni.ch\/es\/the-spirit-walkers\/\"  rel=\"bookmark\"><span class=\"fa fa-chevron-right\" aria-hidden=\"true\"><\/span><span>Read more<\/span><\/a>\t<\/div>\n\n\t<\/div>\n<\/div>\n<div id=\"post-2324\" class=\"crane-blog-grid-item post-2324 post type-post status-publish format-video has-post-thumbnail hentry category-musica-chamanica tag-article-es tag-canto-chamanico post_format-post-format-video\">\n\t<div class=\"crane-blog-grid-item-wrapper\">\n\n\t\t<div class=\"embeded-content crane-video\"><div style=\"width: 640px;\" class=\"wp-video\"><video class=\"wp-video-shortcode\" id=\"video-2324-2\" width=\"640\" height=\"360\" preload=\"metadata\" controls=\"controls\"><source type=\"video\/youtube\" src=\"https:\/\/youtu.be\/zET4cySOJr8?_=2\" \/><a href=\"https:\/\/youtu.be\/zET4cySOJr8\" target=\"_blank\" rel=\"noopener\">https:\/\/youtu.be\/zET4cySOJr8<\/a><\/video><\/div><\/div>\n\t\t\t<div class=\"crane-blog-grid-meta\">\n\t\t<h4 class=\"crane-blog-grid-meta__title\"><a href=\"https:\/\/casa-ayni.ch\/es\/danza-celestial\/\" rel=\"bookmark\" class=\"blog-masonry__item__title\">Danza Celestial<\/a><\/h4>\t<div class=\"crane-blog-tag-list\">\n\t\t<span>Tags<\/span>\n\t\t\t<a class=\"crane-blog-tag-item\" href=\"https:\/\/casa-ayni.ch\/es\/tag\/article-es\/\" target=\"_self\">\n\t\t\t\t<span class=\"crane-blog-tag-txt crane-blog-tag-style--grey\" style=\"\">Article<\/span>\n\t\t\t<\/a>\n\t\t\n\t\t\t<a class=\"crane-blog-tag-item\" href=\"https:\/\/casa-ayni.ch\/es\/tag\/canto-chamanico\/\" target=\"_self\">\n\t\t\t\t<span class=\"crane-blog-tag-txt crane-blog-tag-style--grey\" style=\"\">Canto Cham\u00e1nico<\/span>\n\t\t\t<\/a>\n\t\t\t<\/div>\n\t\t<div class=\"crane-blog-grid-meta__excerpt\">\n\t\t\t[vc_row ct_row_stretch=\u00bb\u00bb][vc_column width=\u00bb1\/2&#8243;][vc_video link=\u00bbhttps:\/\/youtu.be\/zET4cySOJr8&#8243; title=\u00bbDanza Celestial\u00bb][\/vc_column][vc_column width=\u00bb1\/2&#8243;][vc_column_text] Danza Celestial es una canci\u00f3n llena de alma, inspirada en la antigua profec\u00eda del C\u00f3ndor y el \u00c1guila. Esta profec\u00eda simboliza la uni\u00f3n ...\t\t<\/div>\n\t\t<a class=\"post__readmore\" href=\"https:\/\/casa-ayni.ch\/es\/danza-celestial\/\" rel=\"bookmark\"><span class=\"fa fa-chevron-right\" aria-hidden=\"true\"><\/span><span>Read more<\/span><\/a>\t<\/div>\n\n\t<\/div>\n<\/div>\n<div id=\"post-2325\" class=\"crane-blog-grid-item crane-blog-grid-item-alt post-2325 post type-post status-publish format-standard has-post-thumbnail hentry category-herramientas-del-chaman tag-tambor-chamanico\">\n\t<div class=\"crane-blog-grid-item-wrapper\">\n\t\t\t<div class=\"crane-blog-grid-meta\">\n\t\t<h4 class=\"crane-blog-grid-meta__title\"><a href=\"https:\/\/casa-ayni.ch\/es\/caring-for-your-shamanic-drum\/\" rel=\"bookmark\" class=\"blog-masonry__item__title\">Caring for Your Shamanic Drum<\/a><\/h4>\t<div class=\"crane-blog-tag-list\">\n\t\t<span>Tags<\/span>\n\t\t\t<a class=\"crane-blog-tag-item\" href=\"https:\/\/casa-ayni.ch\/es\/tag\/tambor-chamanico\/\" target=\"_self\">\n\t\t\t\t<span class=\"crane-blog-tag-txt crane-blog-tag-style--grey\" style=\"\">Tambor Cham\u00e1nico<\/span>\n\t\t\t<\/a>\n\t\t\t<\/div>\n\t\t<div class=\"crane-blog-grid-meta__excerpt\">\n\t\t\t[vc_row ct_row_stretch=\u00bb\u00bb][vc_column][vc_column_text] Un tambor cham\u00e1nico no es solo un instrumento: es tu compa\u00f1ero espiritual, nacido de los elementos e impregnado de intenci\u00f3n. Piensa en \u00e9l como tu aliado fiel en ...\t\t<\/div>\n\t\t<a class=\"post__readmore\" href=\"https:\/\/casa-ayni.ch\/es\/caring-for-your-shamanic-drum\/\" rel=\"bookmark\"><span class=\"fa fa-chevron-right\" aria-hidden=\"true\"><\/span><span>Read more<\/span><\/a>\t<\/div>\n\t\t\t<div class=\"crane-blog-grid-item-placeholder lazyload\" data-bg=\"https:\/\/casa-ayni.ch\/wp-content\/uploads\/2024\/05\/Illustration-Woman-Shaman-Drum-600x400.webp\">\n\t\t\t\t<a href=\"https:\/\/casa-ayni.ch\/es\/caring-for-your-shamanic-drum\/\"><\/a>\n\t\t\t<\/div>\n\t\t\t\t<\/div>\n<\/div>\n<\/div><\/div>[\/vc_column][vc_column css=\u00bb.vc_custom_1500907639507{padding-right: 40px !important;padding-left: 40px !important;background-color: #f4f4f4 !important;}\u00bb offset=\u00bbvc_col-lg-3 vc_col-md-4&#8243;]<div class=\"ult-spacer spacer-69f70a9b30ecd\" data-id=\"69f70a9b30ecd\" data-height=\"40\" data-height-mobile=\"40\" data-height-tab=\"40\" data-height-tab-portrait=\"\" data-height-mobile-landscape=\"\" style=\"clear:both;display:block;\"><\/div>[vc_widget_sidebar sidebar_id=\u00bbct-sb_fispqeowcq4wdt4k\u00bb][\/vc_column][\/vc_row][vc_row ct_row_stretch=\u00bb\u00bb][vc_column]<div class=\"ult-spacer spacer-69f70a9b30ef7\" data-id=\"69f70a9b30ef7\" data-height=\"40\" data-height-mobile=\"40\" data-height-tab=\"40\" data-height-tab-portrait=\"\" data-height-mobile-landscape=\"\" style=\"clear:both;display:block;\"><\/div>[vc_column_text]\n<h2><strong>Mantente Conectado<\/strong><\/h2>\n<p style=\"text-align: left;\">Nuestras Cr\u00f3nicas est\u00e1n en constante crecimiento, con nuevas historias, perspectivas y sabidur\u00eda que compartimos regularmente. No olvides visitarnos pronto y \u00fanete a nosotros mientras seguimos <\/p>\n[\/vc_column_text]<div class=\"ult-spacer spacer-69f70a9b30f17\" data-id=\"69f70a9b30f17\" data-height=\"40\" data-height-mobile=\"40\" data-height-tab=\"40\" data-height-tab-portrait=\"\" data-height-mobile-landscape=\"\" style=\"clear:both;display:block;\"><\/div>[\/vc_column][\/vc_row]\n<\/div>","protected":false},"excerpt":{"rendered":"<p>[vc_row ct_row_stretch=\u00bb\u00bb][vc_column][vc_column_text] Bienvenidos a las Cr\u00f3nicas Aqu\u00ed entrelazamos historias, perspectivas y sabidur\u00eda de los viajes sagrados de Casa Ayni. Sum\u00e9rgete en art\u00edculos que exploran los mundos del chamanismo, la sanaci\u00f3n &#8230;<\/p>\n","protected":false},"author":1,"featured_media":0,"parent":0,"menu_order":0,"comment_status":"closed","ping_status":"closed","template":"","meta":{"footnotes":""},"class_list":["post-2256","page","type-page","status-publish","hentry"],"_links":{"self":[{"href":"https:\/\/casa-ayni.ch\/es\/wp-json\/wp\/v2\/pages\/2256","targetHints":{"allow":["GET"]}}],"collection":[{"href":"https:\/\/casa-ayni.ch\/es\/wp-json\/wp\/v2\/pages"}],"about":[{"href":"https:\/\/casa-ayni.ch\/es\/wp-json\/wp\/v2\/types\/page"}],"author":[{"embeddable":true,"href":"https:\/\/casa-ayni.ch\/es\/wp-json\/wp\/v2\/users\/1"}],"replies":[{"embeddable":true,"href":"https:\/\/casa-ayni.ch\/es\/wp-json\/wp\/v2\/comments?post=2256"}],"version-history":[{"count":4,"href":"https:\/\/casa-ayni.ch\/es\/wp-json\/wp\/v2\/pages\/2256\/revisions"}],"predecessor-version":[{"id":2441,"href":"https:\/\/casa-ayni.ch\/es\/wp-json\/wp\/v2\/pages\/2256\/revisions\/2441"}],"wp:attachment":[{"href":"https:\/\/casa-ayni.ch\/es\/wp-json\/wp\/v2\/media?parent=2256"}],"curies":[{"name":"wp","href":"https:\/\/api.w.org\/{rel}","templated":true}]}}