{"id":2272,"date":"2024-12-27T05:21:56","date_gmt":"2024-12-27T04:21:56","guid":{"rendered":"https:\/\/casa-ayni.ch\/shamanic-archetypes\/"},"modified":"2025-01-01T14:26:46","modified_gmt":"2025-01-01T13:26:46","slug":"shamanic-archetypes","status":"publish","type":"page","link":"https:\/\/casa-ayni.ch\/es\/shamanic-archetypes\/","title":{"rendered":"Arquetipos Cham\u00e1nicos"},"content":{"rendered":"<div class=\"wpb-content-wrapper\">[vc_row ct_row_stretch=\u00bb\u00bb bg_type=\u00bbimage\u00bb parallax_style=\u00bbvcpb-vz-jquery\u00bb bg_image_new=\u00bbid^857|url^https:\/\/casa-ayni.ch\/wp-content\/uploads\/2024\/12\/Card-Game-BG.webp|caption^null|alt^null|title^Card-Game-BG|description^null\u00bb][vc_column][vc_column_text]\n<div id=\"cg-card-container\"><!-- Images will be dynamically inserted here by the script --><\/div>\n<div id=\"cg-card-explanation\"><!-- Text content will be dynamically inserted here by the script --><\/div>\n<div id=\"cg-buttons\"><button id=\"cg-start-button\">Iniciar<\/button><br \/>\n<button id=\"cg-stop-button\" style=\"display: none;\">Detener<\/button><br \/>\n<button id=\"cg-replay-button\" style=\"display: none;\">Reiniciar<\/button><\/div>\n<p><!-- Link to the CSS file -->\n<link rel=\"stylesheet\" href=\"https:\/\/casa-ayni.ch\/wp-content\/uploads\/2024\/12\/card-game-styles.css\">\n<!-- Link to the JavaScript file --><br \/>\n<script src=\"https:\/\/casa-ayni.ch\/wp-content\/uploads\/2024\/12\/el_dynamic_card_display.js\"><\/script>[\/vc_column_text][\/vc_column][\/vc_row][vc_row ct_row_stretch=\u00bb\u00bb][vc_column][vc_column_text]\n<h1><strong>Arquetipos cham\u00e1nicos<\/strong><\/h1>\n<h3><strong>Descubre tu arquetipo cham\u00e1nico interior<\/strong><\/h3>\n<p>Ad\u00e9ntrate en un viaje de autodescubrimiento y sabidur\u00eda. Este juego de cartas est\u00e1 dise\u00f1ado para inspirar la reflexi\u00f3n y ofrecer orientaci\u00f3n a trav\u00e9s de la sabidur\u00eda de los arquetipos cham\u00e1nicos.<\/p>\n<h2><strong>C\u00f3mo jugar<\/strong><\/h2>\n<ol>\n<li><strong>Inicia el juego<\/strong>: Haz clic en el bot\u00f3n de \u201c<strong>Iniciar<\/strong>\u201d para barajar las cartas.<\/li>\n<li><strong>Det\u00e9n el barajado<\/strong>: Cuando lo sientas, haz clic en el bot\u00f3n de \u201c<strong>Detener<\/strong>\u201d para revelar tu carta.<\/li>\n<li><strong>Reflexiona<\/strong>: Lee las caracter\u00edsticas, el mensaje y la invitaci\u00f3n asociada a tu carta. Permite que su significado resuene con tu camino actual.<\/li>\n<li><strong>Juega de nuevo<\/strong>: Si lo deseas, haz clic en \u201c<strong>Reiniciar<\/strong>\u201d para explorar m\u00e1s perspectivas.<\/li>\n<\/ol>\n<p>Cada carta que sacas ofrece una perspectiva \u00fanica, ayud\u00e1ndote a conectar con diferentes facetas de tu mundo cham\u00e1nico interior.<\/p>\n<h2><strong>Inspiraci\u00f3n para la vida diaria<\/strong><\/h2>\n<p>Este juego fue creado para inspirarte en tu vida diaria. Jugar con una intenci\u00f3n clara puede profundizar su impacto y ayudarte a enfocar tus pensamientos y acciones.<\/p>\n<ul>\n<li><strong>Piensa en alguien especial<\/strong>: Dedica un momento a pensar en alguien querido antes de jugar. Deja que la carta te gu\u00ede en tu relaci\u00f3n con esa persona.<\/li>\n<li><strong>Empieza bien el d\u00eda<\/strong>: Comienza tu ma\u00f1ana sacando una carta. Usa su mensaje como marco orientador para tu d\u00eda.<\/li>\n<li><strong>Establece una intenci\u00f3n<\/strong>: Antes de barajar, toma un momento para enfocarte en una pregunta, meta o desaf\u00edo en tu vida. La carta que saques podr\u00eda ofrecerte perspectivas inesperadas.<\/li>\n<\/ul>\n<p>Deja que este juego se convierta en un ritual sencillo pero poderoso para aportar significado, claridad e inspiraci\u00f3n a tu vida.<\/p>\n<h2><strong>Formas alternativas de jugar<\/strong><\/h2>\n<ul>\n<li><strong>Conc\u00e9ntrate en un desaf\u00edo<\/strong>: Piensa en un desaf\u00edo o decisi\u00f3n espec\u00edfica antes de jugar. Permite que la carta que saques gu\u00ede tu enfoque o te ofrezca una nueva perspectiva.<\/li>\n<li><strong>Haz una pregunta<\/strong>: Formula una pregunta\u2014grande o peque\u00f1a\u2014antes de barajar. La carta puede ofrecerte una perspectiva, un aliento o una invitaci\u00f3n a profundizar en tu pregunta.<\/li>\n<li><strong>Actividad en grupo<\/strong>: Juega con amigos o familiares. Cada persona saca una carta, y pueden compartir c\u00f3mo los mensajes resuenan en sus propios caminos.<\/li>\n<li><strong>Cierra tu d\u00eda<\/strong>: Reflexiona sobre tu d\u00eda sacando una carta por la noche. Usa su mensaje para considerar lo que has aprendido o c\u00f3mo has crecido ese d\u00eda.<\/li>\n<li><strong>Inspiraci\u00f3n creativa<\/strong>: Usa las caracter\u00edsticas, el mensaje y la invitaci\u00f3n de la carta para inspirar tu creatividad. Escribe una historia, crea arte o comp\u00f3n m\u00fasica bas\u00e1ndote en el arquetipo de tu carta.<\/li>\n<li><strong>Tema para la semana<\/strong>: Saca una carta al inicio de la semana y deja que su mensaje sea tu gu\u00eda o mantra a lo largo de la semana.<\/li>\n<li><strong>Conecta con la naturaleza<\/strong>: Juega en un entorno natural. Permite que tu entorno y la carta se combinen para inspirarte armon\u00eda y claridad.<\/li>\n<li><strong>Herramienta de meditaci\u00f3n<\/strong>: Usa la carta que saques como punto focal para una breve meditaci\u00f3n. Reflexiona sobre sus caracter\u00edsticas, mensaje o invitaci\u00f3n mientras calmas tu mente.<\/li>\n<\/ul>\n[\/vc_column_text][\/vc_column][\/vc_row][vc_row ct_row_stretch=\u00bb\u00bb][vc_column]<div class=\"ult-spacer spacer-69f1e1368f76c\" data-id=\"69f1e1368f76c\" data-height=\"50\" data-height-mobile=\"30\" data-height-tab=\"40\" data-height-tab-portrait=\"40\" data-height-mobile-landscape=\"30\" style=\"clear:both;display:block;\"><\/div>[\/vc_column][\/vc_row]\n<\/div>","protected":false},"excerpt":{"rendered":"<p>[vc_row ct_row_stretch=\u00bb\u00bb bg_type=\u00bbimage\u00bb parallax_style=\u00bbvcpb-vz-jquery\u00bb bg_image_new=\u00bbid^857|url^https:\/\/casa-ayni.ch\/wp-content\/uploads\/2024\/12\/Card-Game-BG.webp|caption^null|alt^null|title^Card-Game-BG|description^null\u00bb][vc_column][vc_column_text] Iniciar Detener Reiniciar [\/vc_column_text][\/vc_column][\/vc_row][vc_row ct_row_stretch=\u00bb\u00bb][vc_column][vc_column_text] Arquetipos cham\u00e1nicos Descubre tu arquetipo cham\u00e1nico interior Ad\u00e9ntrate en un viaje de autodescubrimiento y sabidur\u00eda. Este juego de cartas est\u00e1 &#8230;<\/p>\n","protected":false},"author":1,"featured_media":1707,"parent":0,"menu_order":0,"comment_status":"closed","ping_status":"closed","template":"","meta":{"footnotes":""},"class_list":["post-2272","page","type-page","status-publish","has-post-thumbnail","hentry"],"_links":{"self":[{"href":"https:\/\/casa-ayni.ch\/es\/wp-json\/wp\/v2\/pages\/2272","targetHints":{"allow":["GET"]}}],"collection":[{"href":"https:\/\/casa-ayni.ch\/es\/wp-json\/wp\/v2\/pages"}],"about":[{"href":"https:\/\/casa-ayni.ch\/es\/wp-json\/wp\/v2\/types\/page"}],"author":[{"embeddable":true,"href":"https:\/\/casa-ayni.ch\/es\/wp-json\/wp\/v2\/users\/1"}],"replies":[{"embeddable":true,"href":"https:\/\/casa-ayni.ch\/es\/wp-json\/wp\/v2\/comments?post=2272"}],"version-history":[{"count":16,"href":"https:\/\/casa-ayni.ch\/es\/wp-json\/wp\/v2\/pages\/2272\/revisions"}],"predecessor-version":[{"id":2273,"href":"https:\/\/casa-ayni.ch\/es\/wp-json\/wp\/v2\/pages\/2272\/revisions\/2273"}],"wp:featuredmedia":[{"embeddable":true,"href":"https:\/\/casa-ayni.ch\/es\/wp-json\/wp\/v2\/media\/1707"}],"wp:attachment":[{"href":"https:\/\/casa-ayni.ch\/es\/wp-json\/wp\/v2\/media?parent=2272"}],"curies":[{"name":"wp","href":"https:\/\/api.w.org\/{rel}","templated":true}]}}